{"id":37,"date":"2013-06-14T18:06:02","date_gmt":"2013-06-14T18:06:02","guid":{"rendered":"http:\/\/beulah.org.uk\/wp\/?page_id=37"},"modified":"2014-03-10T11:38:25","modified_gmt":"2014-03-10T11:38:25","slug":"festival-archive","status":"publish","type":"page","link":"https:\/\/beulah.org.uk\/wp\/?page_id=37","title":{"rendered":"Festival Archive"},"content":{"rendered":"<p>&nbsp;<\/p>\n<h1>2009<\/h1>\n<p>Sunday 20th December 2:30, Beulah Chapel<\/p>\n<p>Christmas Festival<\/p>\n<p>A celebration of Christmas at Beulah Chapel.<\/p>\n<p>There will be vocal and instrumental contributions by young musicians as well as favourite carols for all.<\/p>\n<p>Contact Hilary Cox if you would like to contribute \u2013 even if you are a beginner.<\/p>\n<p>Directed by Hilary Cox<\/p>\n<p>Friday 9th October, 7:00 Eglwys Oen Duw<\/p>\n<p>Opening of Festival and Art Exhibition with Kirsty Williams, AM followed by:<\/p>\n<p>Songs of Celebration: Favourite hymns for all<\/p>\n<p>Retiring collection for church funds<\/p>\n<p>8:30 Beulah Reading Room<\/p>\n<p>Friday Night is Folk Night<\/p>\n<p>Bring your instrument and join in the fun. Under the leadership and inspiration of Heather Davis. Admission \u00a33.00<\/p>\n<p>Saturday 10 October, 3:30 Eglwys Oen Duw<\/p>\n<p>Open Rehearsal for Young People&#8217;s Concert for all concert participants<\/p>\n<p>6:00 Eglwys Oen Duw<\/p>\n<p>Young People&#8217;s Concert<\/p>\n<p>Our young musicians are joined by SPYM&#8217;s String Machine (director Alan Davies)<\/p>\n<p>and pupils from the Oratory Prep. School<\/p>\n<p>Retiring collection<\/p>\n<p>8:00 The Barn, Gilwern<\/p>\n<p>The Mervyn Bourdillon Memorial Recital<br \/>\nLiederkreis , Schumann<br \/>\nOn This Island, Britten<br \/>\nDer Hirt auf dem Felsen, Schbert<\/p>\n<p>Hilary Cox (soprano), Richard Hillier (bass), Linda Anderson (clarinet), David White (piano)<\/p>\n<p>Admission \u00a310.00, including refreshments. (Numbers restricted.)<\/p>\n<p>Sunday 11 October<\/p>\n<p>11.00 Eglwys Oen Duw, Combined Benefice Eucharist<\/p>\n<p>Preacher and celebrant: Rt Rev\u2019d John Oliver<br \/>\nThe Beulah Service (first performance), David White<br \/>\nIrfon Singers.<\/p>\n<p>7:30 Eglwys Oen Duw, Festival Concert<br \/>\nInsanae et Vanae Curae , Haydn<br \/>\nSinfonia Concertante for Violin and Viola K 364, Mozart<br \/>\nCantata 140, Wachet Auf, Bach<\/p>\n<p>Hilary Cox (soprano), Richard Hillier (bass), Laura Reineke (violin), Ivor Cox (viola)<br \/>\nIrfon Singers<br \/>\nFestival Orchestra, conductor &#8211; David White<\/p>\n<p>Admission \u00a38.00<\/p>\n<p>Recital at Tyrannell for Festival Friends<\/p>\n<p>Saturday 12th September<\/p>\n<p>Friends of the Festival are invited to attend a recital at Tyrannell. The evening begins at 7:30 with light refreshments and the music begins at 8:00.<\/p>\n<p>Hilary and Ivor Cox, accompanied by David White will perform:<br \/>\nAria from Bach&#8217;s Coffee Cantata, with violin obligato<br \/>\nThree Schubert songs<br \/>\nMozart sonata for piano and violin, KV 306<br \/>\nSongs by Mozart, Linley and Giordani<br \/>\nAria by Handel with violin obligato<\/p>\n<p>Thursday 25th to Friday 26th June<\/p>\n<p>C\u00f4r D\u00f4lafon at the Oratory School<\/p>\n<p>Nine members of C\u00f4r D\u00f4lafon, accompanied by their conductor Heather Davis and Ysgol D\u00f4lafon teacher Mair Howells, travelled to The Oratory School in Oxfordshire where they took part in the Prep Schools\u2019 Choral Vespers event. The outing was supported from the choir&#8217;s own funds, the Beulah Music Festival and the hospitality of the Oratory Prep School where the children stayed on Thursday night. We thank Gill Lloyd, head of Ysgol D\u00f4lafon who, with her staff, managed the infernal details that accompany such ventures.<\/p>\n<p>2008<\/p>\n<p>Eglwys Oen Duw and Beulah Reading Room, Friday 10 to Sunday 12 October<\/p>\n<p>2007<\/p>\n<p>Eglwys Oen Duw and Tyrannell, Friday 7 to Sunday 9 September<\/p>\n<p>2006<\/p>\n<p>Eglwys Oen Duw Friday 8 to Sunday 10 September<\/p>\n<p>2005<\/p>\n<p>Beulah Chapel Sunday 11 September<\/p>\n<p>2004<\/p>\n<p>The first Beulah \u00a0Music Festival, Beulah Chapel Sunday 12 September<\/p>\n<p>Eglwys Oen Duw and Tyrannell, Friday 7 to Sunday 9 September<\/p>\n","protected":false},"excerpt":{"rendered":"<p>&nbsp; 2009 Sunday 20th December 2:30, Beulah Chapel Christmas Festival A celebration of Christmas at Beulah Chapel. There will be vocal and instrumental contributions by young musicians as well as favourite carols for all. Contact Hilary Cox if you would like to contribute \u2013 even if you are a beginner. Directed by Hilary Cox Friday &hellip; <a href=\"https:\/\/beulah.org.uk\/wp\/?page_id=37\" class=\"more-link\">Continue reading <span class=\"screen-reader-text\">Festival Archive<\/span> <span class=\"meta-nav\">&rarr;<\/span><\/a><\/p>\n","protected":false},"author":1,"featured_media":0,"parent":0,"menu_order":7,"comment_status":"open","ping_status":"closed","template":"","meta":[],"_links":{"self":[{"href":"https:\/\/beulah.org.uk\/wp\/index.php?rest_route=\/wp\/v2\/pages\/37"}],"collection":[{"href":"https:\/\/beulah.org.uk\/wp\/index.php?rest_route=\/wp\/v2\/pages"}],"about":[{"href":"https:\/\/beulah.org.uk\/wp\/index.php?rest_route=\/wp\/v2\/types\/page"}],"author":[{"embeddable":true,"href":"https:\/\/beulah.org.uk\/wp\/index.php?rest_route=\/wp\/v2\/users\/1"}],"replies":[{"embeddable":true,"href":"https:\/\/beulah.org.uk\/wp\/index.php?rest_route=%2Fwp%2Fv2%2Fcomments&post=37"}],"version-history":[{"count":6,"href":"https:\/\/beulah.org.uk\/wp\/index.php?rest_route=\/wp\/v2\/pages\/37\/revisions"}],"predecessor-version":[{"id":41,"href":"https:\/\/beulah.org.uk\/wp\/index.php?rest_route=\/wp\/v2\/pages\/37\/revisions\/41"}],"wp:attachment":[{"href":"https:\/\/beulah.org.uk\/wp\/index.php?rest_route=%2Fwp%2Fv2%2Fmedia&parent=37"}],"curies":[{"name":"wp","href":"https:\/\/api.w.org\/{rel}","templated":true}]}}